{"id":33,"date":"2012-02-14T21:05:54","date_gmt":"2012-02-14T20:05:54","guid":{"rendered":"http:\/\/www.desc-berlin.de\/?page_id=33"},"modified":"2025-07-11T15:54:54","modified_gmt":"2025-07-11T13:54:54","slug":"mitsingen","status":"publish","type":"page","link":"http:\/\/www.desc-berlin.de\/?page_id=33","title":{"rendered":"Mitsingen"},"content":{"rendered":"\n<p><a href=\"http:\/\/www.desc-berlin.de\/desc01\/wordpress\/wp-content\/uploads\/2025\/07\/Eindruecke-eines-Chormitgliedes.docx\">Eindr\u00fccke eines Chormitgliedes April 2024<\/a><\/p>\n\n\n<p><img loading=\"lazy\" decoding=\"async\" class=\"alignnone size-full wp-image-650\" src=\"http:\/\/www.desc-berlin.de\/desc01\/wordpress\/wp-content\/uploads\/2022\/05\/de.png\" alt=\"\" width=\"30\" height=\"30\" \/><\/p>\n<p>Der Deutsch-Spanische Chor Berlin freut sich immer \u00fcber neue S\u00e4ngerinnen und S\u00e4nger.<\/p>\n<p>Wir proben immer samstags von 14.00 &#8211; 17.00 Uhr in den R\u00e4umen der Schule f\u00fcr Eurythmische Art und Kunst in der Argentinischen Allee 23 in Zehlendorf. Die Probe teilt sich in eine zweist\u00fcndige Gesamtprobe und eine anschlie\u00dfende Stimmgruppenprobe.<\/p>\n<p><strong>Was euch erwartet:<\/strong><\/p>\n<ul>\n<li>ein gut ausgebildeter Chor, der viel Spa\u00df am gemeinsamen Singen hat<\/li>\n<li>ein engagierter Chorleiter, der als professioneller S\u00e4nger die Entwicklung eines jeden Einzelnen f\u00f6rdert<\/li>\n<li>ein spannendes abwechslungsreiches Repertoire aus verschiedenen L\u00e4ndern<\/li>\n<li>interessante Konzerte und regelm\u00e4\u00dfige Konzertreisen<\/li>\n<li>ein sch\u00f6ner Probenort im Gr\u00fcnen mit gemeinsamen Kaffeepausen<\/li>\n<\/ul>\n<p><strong>Was wir erwarten:<\/strong><\/p>\n<ul>\n<li>motivierte S\u00e4ngerinnen und S\u00e4nger\u00a0 mit musikalischer Grundbildung<\/li>\n<li>regelm\u00e4\u00dfiges und p\u00fcnktliches Erscheinen zu unseren w\u00f6chentlichen Proben<\/li>\n<li>einen Monatsbeitrag f\u00fcr die feste Mitgliedschaft<\/li>\n<li>Interesse an der spanischen Kultur<\/li>\n<\/ul>\n<hr \/>\n<p><img loading=\"lazy\" decoding=\"async\" class=\"alignnone size-full wp-image-651\" src=\"http:\/\/www.desc-berlin.de\/desc01\/wordpress\/wp-content\/uploads\/2022\/05\/spanien-1.png\" alt=\"\" width=\"30\" height=\"30\" \/><\/p>\n<p>El Coro Hispano-Alem\u00e1n de Berl\u00edn siempre est\u00e1 encantado de acoger a nuevos cantantes.<\/p>\n<p>Siempre ensayamos los s\u00e1bados de 14:00 a 17:00 horas en las salas de la Escuela de Arte Eur\u00edtmico y Arte en Argentinische Allee 23 en Zehlendorf. El ensayo se divide en un ensayo completo de dos horas seguido de un ensayo de grupo de voces.<\/p>\n<p><strong>Lo que puede esperar:<\/strong><\/p>\n<ul>\n<li>un coro bien entrenado que se divierte cantando juntos<\/li>\n<li>un director de coro comprometido que, como cantante profesional, fomenta el desarrollo de cada individuo<\/li>\n<li>un repertorio emocionante y variado de diferentes pa\u00edses<\/li>\n<li>conciertos interesantes y giras de conciertos regulares<\/li>\n<li>un hermoso lugar de ensayo en el campo con pausas de caf\u00e9 comunes.<\/li>\n<\/ul>\n<p><strong>Lo que esperamos<\/strong><\/p>\n<ul>\n<li>cantantes motivados con una formaci\u00f3n musical b\u00e1sica<\/li>\n<li>asistencia regular y puntual a nuestros ensayos semanales<\/li>\n<li>una cuota mensual para la afiliaci\u00f3n permanente<\/li>\n<li>inter\u00e9s por la cultura espa\u00f1ola<\/li>\n<\/ul>\n<hr \/>\n<p><img loading=\"lazy\" decoding=\"async\" class=\"alignnone size-full wp-image-652\" src=\"http:\/\/www.desc-berlin.de\/desc01\/wordpress\/wp-content\/uploads\/2022\/05\/uk.png\" alt=\"\" width=\"30\" height=\"30\" \/><\/p>\n<p>The German-Spanish Choir Berlin is always happy to welcome new singers.<\/p>\n<p>We always rehearse on Saturdays from 2.00 &#8211; 5.00 pm in the rooms of the School for Eurythmic Art and Art in Argentinische Allee 23 in Zehlendorf. The rehearsal is divided into a two-hour full rehearsal followed by a voice group rehearsal.<\/p>\n<p><strong>What you can expect:<\/strong><\/p>\n<ul>\n<li>a well-trained choir that has a lot of fun singing together<\/li>\n<li>a committed choir director who, as a professional singer, encourages the development of every individual<\/li>\n<li>an exciting and varied repertoire from different countries<\/li>\n<li>interesting concerts and regular concert tours<\/li>\n<li>a beautiful rehearsal location in the countryside with communal coffee breaks.<\/li>\n<\/ul>\n<p><strong>What we expect<\/strong><\/p>\n<ul>\n<li>motivated singers with a basic musical education<\/li>\n<li>regular and punctual attendance at our weekly rehearsals<\/li>\n<li>a monthly fee for permanent membership<\/li>\n<li>an interest in Spanish culture<\/li>\n<\/ul>","protected":false},"excerpt":{"rendered":"<p>Eindr\u00fccke eines Chormitgliedes April 2024 Der Deutsch-Spanische Chor Berlin freut sich immer \u00fcber neue S\u00e4ngerinnen und S\u00e4nger. Wir proben immer samstags von 14.00 &#8211; 17.00 Uhr in den R\u00e4umen der Schule f\u00fcr Eurythmische Art und Kunst in der Argentinischen Allee 23 in Zehlendorf. Die Probe teilt sich in eine zweist\u00fcndige Gesamtprobe und eine anschlie\u00dfende Stimmgruppenprobe. [&hellip;]<\/p>\n","protected":false},"author":1,"featured_media":532,"parent":0,"menu_order":2,"comment_status":"closed","ping_status":"closed","template":"","meta":{"footnotes":""},"class_list":["post-33","page","type-page","status-publish","has-post-thumbnail","hentry"],"_links":{"self":[{"href":"http:\/\/www.desc-berlin.de\/index.php?rest_route=\/wp\/v2\/pages\/33","targetHints":{"allow":["GET"]}}],"collection":[{"href":"http:\/\/www.desc-berlin.de\/index.php?rest_route=\/wp\/v2\/pages"}],"about":[{"href":"http:\/\/www.desc-berlin.de\/index.php?rest_route=\/wp\/v2\/types\/page"}],"author":[{"embeddable":true,"href":"http:\/\/www.desc-berlin.de\/index.php?rest_route=\/wp\/v2\/users\/1"}],"replies":[{"embeddable":true,"href":"http:\/\/www.desc-berlin.de\/index.php?rest_route=%2Fwp%2Fv2%2Fcomments&post=33"}],"version-history":[{"count":24,"href":"http:\/\/www.desc-berlin.de\/index.php?rest_route=\/wp\/v2\/pages\/33\/revisions"}],"predecessor-version":[{"id":3963,"href":"http:\/\/www.desc-berlin.de\/index.php?rest_route=\/wp\/v2\/pages\/33\/revisions\/3963"}],"wp:featuredmedia":[{"embeddable":true,"href":"http:\/\/www.desc-berlin.de\/index.php?rest_route=\/wp\/v2\/media\/532"}],"wp:attachment":[{"href":"http:\/\/www.desc-berlin.de\/index.php?rest_route=%2Fwp%2Fv2%2Fmedia&parent=33"}],"curies":[{"name":"wp","href":"https:\/\/api.w.org\/{rel}","templated":true}]}}